{"id":1088,"date":"2024-05-07T12:18:08","date_gmt":"2024-05-07T15:18:08","guid":{"rendered":"https:\/\/camisetasebrindesexpress.com.br\/?post_type=product&#038;p=1088"},"modified":"2024-05-07T12:18:09","modified_gmt":"2024-05-07T15:18:09","slug":"81193-orlando-conjunto-de-esferografica-e-roller-em-metal-com-clipe","status":"publish","type":"product","link":"https:\/\/camisetasebrindesexpress.com.br\/index.php\/produto\/81193-orlando-conjunto-de-esferografica-e-roller-em-metal-com-clipe\/","title":{"rendered":"81193 ORLANDO. Conjunto de esferogr\u00e1fica e roller em metal com clipe"},"content":{"rendered":"<div class=\"texto\">Conjunto de roller e esferogr\u00e1fica em metal com clipe. Fornecido em estojo almofadado. Esferogr\u00e1fica: \u00f813 x 136 mm | Roller: \u00f813 x 135 mm | Caixa: 192 x 34 x 85\u00a0mm<\/div>\n<div class=\"icons\">\n<div class=\"icon\"><img decoding=\"async\" src=\"https:\/\/www.spotgifts.com.br\/fotos\/pictogramas\/escrita_azul_1140046434610cfc6d6c097.png\" alt=\"SPOT\" \/><\/div>\n<div class=\"icon\"><img decoding=\"async\" src=\"https:\/\/www.spotgifts.com.br\/fotos\/pictogramas\/caixa_oferta_1264245494610cfcfc63cad.png\" alt=\"SPOT\" \/><\/div>\n<\/div>\n","protected":false},"excerpt":{"rendered":"<p>Conjunto de roller e esferogr\u00e1fica em metal com clipe. Fornecido em estojo almofadado. Esferogr\u00e1fica: \u00f813 x 136 mm | Roller: \u00f813 x 135 mm | Caixa: 192 x 34 x 85\u00a0mm<\/p>\n","protected":false},"featured_media":1094,"comment_status":"open","ping_status":"closed","template":"","meta":{"_joinchat":[]},"product_cat":[20],"product_tag":[],"_links":{"self":[{"href":"https:\/\/camisetasebrindesexpress.com.br\/index.php\/wp-json\/wp\/v2\/product\/1088"}],"collection":[{"href":"https:\/\/camisetasebrindesexpress.com.br\/index.php\/wp-json\/wp\/v2\/product"}],"about":[{"href":"https:\/\/camisetasebrindesexpress.com.br\/index.php\/wp-json\/wp\/v2\/types\/product"}],"replies":[{"embeddable":true,"href":"https:\/\/camisetasebrindesexpress.com.br\/index.php\/wp-json\/wp\/v2\/comments?post=1088"}],"wp:featuredmedia":[{"embeddable":true,"href":"https:\/\/camisetasebrindesexpress.com.br\/index.php\/wp-json\/wp\/v2\/media\/1094"}],"wp:attachment":[{"href":"https:\/\/camisetasebrindesexpress.com.br\/index.php\/wp-json\/wp\/v2\/media?parent=1088"}],"wp:term":[{"taxonomy":"product_cat","embeddable":true,"href":"https:\/\/camisetasebrindesexpress.com.br\/index.php\/wp-json\/wp\/v2\/product_cat?post=1088"},{"taxonomy":"product_tag","embeddable":true,"href":"https:\/\/camisetasebrindesexpress.com.br\/index.php\/wp-json\/wp\/v2\/product_tag?post=1088"}],"curies":[{"name":"wp","href":"https:\/\/api.w.org\/{rel}","templated":true}]}}