{"id":1076,"date":"2024-05-07T12:10:47","date_gmt":"2024-05-07T15:10:47","guid":{"rendered":"https:\/\/camisetasebrindesexpress.com.br\/?post_type=product&#038;p=1076"},"modified":"2024-05-07T12:10:47","modified_gmt":"2024-05-07T15:10:47","slug":"51842-benton-conjunto-de-roller-e-esferografica-em-metal","status":"publish","type":"product","link":"https:\/\/camisetasebrindesexpress.com.br\/index.php\/produto\/51842-benton-conjunto-de-roller-e-esferografica-em-metal\/","title":{"rendered":"51842 BENTON. Conjunto de roller e esferogr\u00e1fica em metal"},"content":{"rendered":"<div class=\"texto\">Conjunto de roller e esferogr\u00e1fica em metal, ambos com clipe e escrita a preto. A esferogr\u00e1fica \u00e9 de mecanismo twist e permite at\u00e9 1,5 km escrita. Incluso estojo almofadado. \u00f813 x 136 mm | Estojo: 185 x 75 x 31 mm<\/div>\n<div class=\"icons\">\n<div class=\"icon\"><img decoding=\"async\" src=\"https:\/\/www.spotgifts.com.br\/fotos\/pictogramas\/escrita_preto_1352695145610cfc792b854.png\" alt=\"SPOT\" \/><\/div>\n<div class=\"icon\"><img decoding=\"async\" src=\"https:\/\/www.spotgifts.com.br\/fotos\/pictogramas\/caixa_oferta_1264245494610cfcfc63cad.png\" alt=\"SPOT\" \/><\/div>\n<\/div>\n","protected":false},"excerpt":{"rendered":"<p>Conjunto de roller e esferogr\u00e1fica em metal, ambos com clipe e escrita a preto. A esferogr\u00e1fica \u00e9 de mecanismo twist e permite at\u00e9 1,5 km escrita. Incluso estojo almofadado. \u00f813 x 136 mm | Estojo: 185 x 75 x 31 mm<\/p>\n","protected":false},"featured_media":1081,"comment_status":"open","ping_status":"closed","template":"","meta":{"_joinchat":[]},"product_cat":[20,19],"product_tag":[],"_links":{"self":[{"href":"https:\/\/camisetasebrindesexpress.com.br\/index.php\/wp-json\/wp\/v2\/product\/1076"}],"collection":[{"href":"https:\/\/camisetasebrindesexpress.com.br\/index.php\/wp-json\/wp\/v2\/product"}],"about":[{"href":"https:\/\/camisetasebrindesexpress.com.br\/index.php\/wp-json\/wp\/v2\/types\/product"}],"replies":[{"embeddable":true,"href":"https:\/\/camisetasebrindesexpress.com.br\/index.php\/wp-json\/wp\/v2\/comments?post=1076"}],"wp:featuredmedia":[{"embeddable":true,"href":"https:\/\/camisetasebrindesexpress.com.br\/index.php\/wp-json\/wp\/v2\/media\/1081"}],"wp:attachment":[{"href":"https:\/\/camisetasebrindesexpress.com.br\/index.php\/wp-json\/wp\/v2\/media?parent=1076"}],"wp:term":[{"taxonomy":"product_cat","embeddable":true,"href":"https:\/\/camisetasebrindesexpress.com.br\/index.php\/wp-json\/wp\/v2\/product_cat?post=1076"},{"taxonomy":"product_tag","embeddable":true,"href":"https:\/\/camisetasebrindesexpress.com.br\/index.php\/wp-json\/wp\/v2\/product_tag?post=1076"}],"curies":[{"name":"wp","href":"https:\/\/api.w.org\/{rel}","templated":true}]}}