{"id":1070,"date":"2024-05-07T12:09:34","date_gmt":"2024-05-07T15:09:34","guid":{"rendered":"https:\/\/camisetasebrindesexpress.com.br\/?post_type=product&#038;p=1070"},"modified":"2024-05-07T12:09:34","modified_gmt":"2024-05-07T15:09:34","slug":"91816-douro-conjunto-de-roller-e-esferografica-em-metal-com-clipe","status":"publish","type":"product","link":"https:\/\/camisetasebrindesexpress.com.br\/index.php\/produto\/91816-douro-conjunto-de-roller-e-esferografica-em-metal-com-clipe\/","title":{"rendered":"91816 DOURO. Conjunto de roller e esferogr\u00e1fica em metal com clipe"},"content":{"rendered":"<div class=\"texto\">Conjunto de roller e esferogr\u00e1fica com mecanismo twist, ambos em metal e com clipe. Esferogr\u00e1fica at\u00e9 2 km de escrita. Fornecido em estojo almofadado. \u00f812 x 132 mm | Estojo: 170 x 70 x 30 mm<\/div>\n<div class=\"icons\">\n<div class=\"icon\"><img decoding=\"async\" src=\"https:\/\/www.spotgifts.com.br\/fotos\/pictogramas\/escrita_preto_1352695145610cfc792b854.png\" alt=\"SPOT\" \/><\/div>\n<div class=\"icon\"><img decoding=\"async\" src=\"https:\/\/www.spotgifts.com.br\/fotos\/pictogramas\/caixa_oferta_1264245494610cfcfc63cad.png\" alt=\"SPOT\" \/><\/div>\n<\/div>\n","protected":false},"excerpt":{"rendered":"<p>Conjunto de roller e esferogr\u00e1fica com mecanismo twist, ambos em metal e com clipe. Esferogr\u00e1fica at\u00e9 2 km de escrita. Fornecido em estojo almofadado. \u00f812 x 132 mm | Estojo: 170 x 70 x 30 mm<\/p>\n","protected":false},"featured_media":1075,"comment_status":"open","ping_status":"closed","template":"","meta":{"_joinchat":[]},"product_cat":[20,19],"product_tag":[],"_links":{"self":[{"href":"https:\/\/camisetasebrindesexpress.com.br\/index.php\/wp-json\/wp\/v2\/product\/1070"}],"collection":[{"href":"https:\/\/camisetasebrindesexpress.com.br\/index.php\/wp-json\/wp\/v2\/product"}],"about":[{"href":"https:\/\/camisetasebrindesexpress.com.br\/index.php\/wp-json\/wp\/v2\/types\/product"}],"replies":[{"embeddable":true,"href":"https:\/\/camisetasebrindesexpress.com.br\/index.php\/wp-json\/wp\/v2\/comments?post=1070"}],"wp:featuredmedia":[{"embeddable":true,"href":"https:\/\/camisetasebrindesexpress.com.br\/index.php\/wp-json\/wp\/v2\/media\/1075"}],"wp:attachment":[{"href":"https:\/\/camisetasebrindesexpress.com.br\/index.php\/wp-json\/wp\/v2\/media?parent=1070"}],"wp:term":[{"taxonomy":"product_cat","embeddable":true,"href":"https:\/\/camisetasebrindesexpress.com.br\/index.php\/wp-json\/wp\/v2\/product_cat?post=1070"},{"taxonomy":"product_tag","embeddable":true,"href":"https:\/\/camisetasebrindesexpress.com.br\/index.php\/wp-json\/wp\/v2\/product_tag?post=1070"}],"curies":[{"name":"wp","href":"https:\/\/api.w.org\/{rel}","templated":true}]}}