{"id":1045,"date":"2024-05-07T12:00:24","date_gmt":"2024-05-07T15:00:24","guid":{"rendered":"https:\/\/camisetasebrindesexpress.com.br\/?post_type=product&#038;p=1045"},"modified":"2024-05-07T12:00:24","modified_gmt":"2024-05-07T15:00:24","slug":"81003-hook-matte-esferografica-em-bronze","status":"publish","type":"product","link":"https:\/\/camisetasebrindesexpress.com.br\/index.php\/produto\/81003-hook-matte-esferografica-em-bronze\/","title":{"rendered":"81003 HOOK MATTE. Esferogr\u00e1fica em bronze"},"content":{"rendered":"<div class=\"texto\">A esferogr\u00e1fica Hook Matte \u00e9 elegante e sofisticada, que dificilmente passa despercebida. Trata-se de uma esferogr\u00e1fica em bronze, com mecanismo twist, cromagem brilhante e clipe com mola em ferro, que lhe garante for\u00e7a e flexibilidade. A ponteira em bronze com cromagem brilhante e o corpo com duplo acabamento (interior platinado e exterior laqueado mate) refor\u00e7am, n\u00e3o s\u00f3 o design elegante, como a qualidade da Hook Matte. Tem recarga em metal G2, com tinta Dokumental\u00ae azul. Fornecida em caixa presente. \u00f811 x 138 mm | Caixa: 187 x 53 x 28 mm<\/div>\n<div class=\"icons\">\n<div class=\"icon\"><img decoding=\"async\" src=\"https:\/\/www.spotgifts.com.br\/fotos\/pictogramas\/escrita_azul_1140046434610cfc6d6c097.png\" alt=\"SPOT\" \/><\/div>\n<div class=\"icon\"><img decoding=\"async\" src=\"https:\/\/www.spotgifts.com.br\/fotos\/pictogramas\/caixa_oferta_1264245494610cfcfc63cad.png\" alt=\"SPOT\" \/><\/div>\n<div class=\"icon\"><img decoding=\"async\" src=\"https:\/\/www.spotgifts.com.br\/fotos\/pictogramas\/twist_mechanism_1378316746466230211585.png\" alt=\"SPOT\" \/><\/div>\n<\/div>\n","protected":false},"excerpt":{"rendered":"<p>A esferogr\u00e1fica Hook Matte \u00e9 elegante e sofisticada, que dificilmente passa despercebida. Trata-se de uma esferogr\u00e1fica em bronze, com mecanismo twist, cromagem brilhante e clipe com mola em ferro, que lhe garante for\u00e7a e flexibilidade. A ponteira em bronze com cromagem brilhante e o corpo com duplo acabamento (interior platinado e exterior laqueado mate) refor\u00e7am, [&hellip;]<\/p>\n","protected":false},"featured_media":1048,"comment_status":"open","ping_status":"closed","template":"","meta":{"_joinchat":[]},"product_cat":[20],"product_tag":[],"_links":{"self":[{"href":"https:\/\/camisetasebrindesexpress.com.br\/index.php\/wp-json\/wp\/v2\/product\/1045"}],"collection":[{"href":"https:\/\/camisetasebrindesexpress.com.br\/index.php\/wp-json\/wp\/v2\/product"}],"about":[{"href":"https:\/\/camisetasebrindesexpress.com.br\/index.php\/wp-json\/wp\/v2\/types\/product"}],"replies":[{"embeddable":true,"href":"https:\/\/camisetasebrindesexpress.com.br\/index.php\/wp-json\/wp\/v2\/comments?post=1045"}],"wp:featuredmedia":[{"embeddable":true,"href":"https:\/\/camisetasebrindesexpress.com.br\/index.php\/wp-json\/wp\/v2\/media\/1048"}],"wp:attachment":[{"href":"https:\/\/camisetasebrindesexpress.com.br\/index.php\/wp-json\/wp\/v2\/media?parent=1045"}],"wp:term":[{"taxonomy":"product_cat","embeddable":true,"href":"https:\/\/camisetasebrindesexpress.com.br\/index.php\/wp-json\/wp\/v2\/product_cat?post=1045"},{"taxonomy":"product_tag","embeddable":true,"href":"https:\/\/camisetasebrindesexpress.com.br\/index.php\/wp-json\/wp\/v2\/product_tag?post=1045"}],"curies":[{"name":"wp","href":"https:\/\/api.w.org\/{rel}","templated":true}]}}