{"id":1034,"date":"2024-05-07T11:57:17","date_gmt":"2024-05-07T14:57:17","guid":{"rendered":"https:\/\/camisetasebrindesexpress.com.br\/?post_type=product&#038;p=1034"},"modified":"2024-05-07T11:57:17","modified_gmt":"2024-05-07T14:57:17","slug":"81208-stain-roller-stain-em-metal","status":"publish","type":"product","link":"https:\/\/camisetasebrindesexpress.com.br\/index.php\/produto\/81208-stain-roller-stain-em-metal\/","title":{"rendered":"81208 STAIN. Roller STAIN em metal"},"content":{"rendered":"<div class=\"texto\">O STAIN \u00e9 um roller em metal, texturado e tampa com clipe em a\u00e7o inox. O roller STAIN foi desenhado com inspira\u00e7\u00e3o em linhas geom\u00e9tricas. Cont\u00e9m recarga Dokumental Ink\u00ae e escrita preta. Fornecido em caixa presente. \u00f810 x 135 mm | Caixa: 53 x 173 x 28 mm<\/div>\n<div class=\"icons\">\n<div class=\"icon\"><img decoding=\"async\" src=\"https:\/\/www.spotgifts.com.br\/fotos\/pictogramas\/inox_1973245325610cfa3aed333.png\" alt=\"SPOT\" \/><\/div>\n<div class=\"icon\"><img decoding=\"async\" src=\"https:\/\/www.spotgifts.com.br\/fotos\/pictogramas\/escrita_preto_1352695145610cfc792b854.png\" alt=\"SPOT\" \/><\/div>\n<div class=\"icon\"><img decoding=\"async\" src=\"https:\/\/www.spotgifts.com.br\/fotos\/pictogramas\/caixa_oferta_1264245494610cfcfc63cad.png\" alt=\"SPOT\" \/><\/div>\n<\/div>\n","protected":false},"excerpt":{"rendered":"<p>O STAIN \u00e9 um roller em metal, texturado e tampa com clipe em a\u00e7o inox. O roller STAIN foi desenhado com inspira\u00e7\u00e3o em linhas geom\u00e9tricas. Cont\u00e9m recarga Dokumental Ink\u00ae e escrita preta. Fornecido em caixa presente. \u00f810 x 135 mm | Caixa: 53 x 173 x 28 mm<\/p>\n","protected":false},"featured_media":1040,"comment_status":"open","ping_status":"closed","template":"","meta":{"_joinchat":[]},"product_cat":[20],"product_tag":[],"_links":{"self":[{"href":"https:\/\/camisetasebrindesexpress.com.br\/index.php\/wp-json\/wp\/v2\/product\/1034"}],"collection":[{"href":"https:\/\/camisetasebrindesexpress.com.br\/index.php\/wp-json\/wp\/v2\/product"}],"about":[{"href":"https:\/\/camisetasebrindesexpress.com.br\/index.php\/wp-json\/wp\/v2\/types\/product"}],"replies":[{"embeddable":true,"href":"https:\/\/camisetasebrindesexpress.com.br\/index.php\/wp-json\/wp\/v2\/comments?post=1034"}],"wp:featuredmedia":[{"embeddable":true,"href":"https:\/\/camisetasebrindesexpress.com.br\/index.php\/wp-json\/wp\/v2\/media\/1040"}],"wp:attachment":[{"href":"https:\/\/camisetasebrindesexpress.com.br\/index.php\/wp-json\/wp\/v2\/media?parent=1034"}],"wp:term":[{"taxonomy":"product_cat","embeddable":true,"href":"https:\/\/camisetasebrindesexpress.com.br\/index.php\/wp-json\/wp\/v2\/product_cat?post=1034"},{"taxonomy":"product_tag","embeddable":true,"href":"https:\/\/camisetasebrindesexpress.com.br\/index.php\/wp-json\/wp\/v2\/product_tag?post=1034"}],"curies":[{"name":"wp","href":"https:\/\/api.w.org\/{rel}","templated":true}]}}